{"id":1437,"date":"2025-04-04T13:55:00","date_gmt":"2025-04-04T10:55:00","guid":{"rendered":"https:\/\/ekspostendai.lt\/cookie-policy\/"},"modified":"2025-05-14T16:17:25","modified_gmt":"2025-05-14T13:17:25","slug":"cookie-policy","status":"publish","type":"page","link":"https:\/\/ekspostendai.lt\/en\/cookie-policy\/","title":{"rendered":"Cookie Policy"},"content":{"rendered":"<p>M\u016bs\u0173 tinklapyje yra naudojami slapukai (angl. cookies), tod\u0117l paai\u0161kiname, kaip jie veikia bei kaip galite juos pa\u0161alinti.<\/p><p>Slapukai \u2013 tai nedideli informacijos failai, kurie leid\u017eia interneto svetain\u0117ms i\u0161saugoti vartotojo naudojimosi interneto svetaine \u012fpro\u010dius. \u012eprastai slapuk\u0173 rinkmenos \u012fra\u0161omos \u012f vartotojo \u012frengin\u012f ir vartotojui sugr\u012f\u017eus \u012f interneto svetain\u0119, jam pritaikomas turinys pagal jo poreikius ir ankstesnius pasirinkimus.<\/p><p>M\u016bs\u0173 naudojamuose slapukuose n\u0117ra joki\u0173 asmenini\u0173 vartotojo duomen\u0173 ir jie n\u0117ra naudojami atpa\u017einimo tikslais. Informacija, surinkta naudojant slapukus, mums tarnauja m\u016bs\u0173 tinklapio naudojimo statistikos analizei.<\/p><p>Visa informacija apie m\u016bs\u0173 tinklapyje naudojamus slapukus, j\u0173 galiojim\u0105 bei naudojimo tikslus pateikiama lentel\u0117je \u017eemiau.<\/p><figure class=\"wp-block-table\"><table class=\"has-fixed-layout\"><tbody><tr><td>Slapuko pavadinimas<\/td><td>Suk\u016brimo momentas<\/td><td>Galiojimo laikas<\/td><td>Naudojimo apra\u0161ymas<\/td><\/tr><tr><td>_utma_utmb_utmc_utmt_utmz<\/td><td>\u012eeinant \u012f puslap\u012f<\/td><td>2 metai 30 minu\u010di\u0173 Iki u\u017edarymo 1 metai 6 m\u0117nesiai<\/td><td>\u0160ie Google Analytics slapukai naudojami statistinei informacijai apie interneto svetain\u0117s lankomum\u0105 rinkti. Gauti duomenys naudojami ataskaitoms rengti ir siekiant patobulinti puslap\u012f. Apskaitai naudojami IP adresai ir unikal\u016bs ID numeriai.<\/td><\/tr><\/tbody><\/table><\/figure><p>Standartiniai nar\u0161ykli\u0173 nustatymai leid\u017eia priimti slapukus, ta\u010diau vartotojas gali nustatyti savo nar\u0161ykl\u0119 taip, kad slapukai neb\u016bt\u0173 priimami. Atlikus \u0161iuos nustatym\u0173 pakeitimus kai kurios tinklapio dalys gali visai neveikti arba veikti netinkamai. Mobili\u0173j\u0173 \u012frengini\u0173 vartotojai, nor\u0117dami i\u0161jungti slapuk\u0173 rinkim\u0105, tur\u0117t\u0173 vadovautis \u012frenginio nustatymais.<\/p><p>I\u0161samesn\u0117s informacijos apie slapukus rasite <a href=\"http:\/\/www.aboutcookies.org\/\">www.aboutcookies.org<\/a><\/p><p>Pla\u010diau apie asmens duomen\u0173 naudojim\u0105 ir apsaug\u0105 m\u016bs\u0173 bendrov\u0117je <a href=\"https:\/\/ekspostendai.lt\/en\/privacy-policy\/\" data-type=\"page\" data-id=\"3\">\u010dia<\/a>.<\/p><p><\/p>","protected":false},"excerpt":{"rendered":"<p>M\u016bs\u0173 tinklapyje yra naudojami slapukai (angl. cookies), tod\u0117l paai\u0161kiname, kaip jie veikia bei kaip galite juos pa\u0161alinti. Slapukai \u2013 tai nedideli informacijos failai, kurie leid\u017eia interneto svetain\u0117ms i\u0161saugoti vartotojo naudojimosi interneto svetaine \u012fpro\u010dius. \u012eprastai slapuk\u0173 rinkmenos \u012fra\u0161omos \u012f vartotojo \u012frengin\u012f ir vartotojui sugr\u012f\u017eus \u012f interneto svetain\u0119, jam pritaikomas turinys pagal jo poreikius ir ankstesnius pasirinkimus. [&hellip;]<\/p>\n","protected":false},"author":1,"featured_media":0,"parent":0,"menu_order":0,"comment_status":"closed","ping_status":"closed","template":"","meta":{"_acf_changed":false,"inline_featured_image":false,"footnotes":""},"class_list":["post-1437","page","type-page","status-publish","hentry"],"acf":[],"yoast_head":"<!-- This site is optimized with the Yoast SEO plugin v25.1 - https:\/\/yoast.com\/wordpress\/plugins\/seo\/ -->\n<title>Cookie Policy - Stendai<\/title>\n<meta name=\"robots\" content=\"index, follow, max-snippet:-1, max-image-preview:large, max-video-preview:-1\" \/>\n<link rel=\"canonical\" href=\"https:\/\/ekspostendai.lt\/en\/cookie-policy\/\" \/>\n<meta property=\"og:locale\" content=\"en_US\" \/>\n<meta property=\"og:type\" content=\"article\" \/>\n<meta property=\"og:title\" content=\"Cookie Policy - Stendai\" \/>\n<meta property=\"og:description\" content=\"M\u016bs\u0173 tinklapyje yra naudojami slapukai (angl. cookies), tod\u0117l paai\u0161kiname, kaip jie veikia bei kaip galite juos pa\u0161alinti. Slapukai \u2013 tai nedideli informacijos failai, kurie leid\u017eia interneto svetain\u0117ms i\u0161saugoti vartotojo naudojimosi interneto svetaine \u012fpro\u010dius. \u012eprastai slapuk\u0173 rinkmenos \u012fra\u0161omos \u012f vartotojo \u012frengin\u012f ir vartotojui sugr\u012f\u017eus \u012f interneto svetain\u0119, jam pritaikomas turinys pagal jo poreikius ir ankstesnius pasirinkimus. [&hellip;]\" \/>\n<meta property=\"og:url\" content=\"https:\/\/ekspostendai.lt\/en\/cookie-policy\/\" \/>\n<meta property=\"og:site_name\" content=\"Stendai\" \/>\n<meta property=\"article:modified_time\" content=\"2025-05-14T13:17:25+00:00\" \/>\n<meta name=\"twitter:card\" content=\"summary_large_image\" \/>\n<meta name=\"twitter:label1\" content=\"Est. reading time\" \/>\n\t<meta name=\"twitter:data1\" content=\"1 minute\" \/>\n<script type=\"application\/ld+json\" class=\"yoast-schema-graph\">{\"@context\":\"https:\/\/schema.org\",\"@graph\":[{\"@type\":\"WebPage\",\"@id\":\"https:\/\/ekspostendai.lt\/en\/cookie-policy\/\",\"url\":\"https:\/\/ekspostendai.lt\/en\/cookie-policy\/\",\"name\":\"Cookie Policy - Stendai\",\"isPartOf\":{\"@id\":\"https:\/\/ekspostendai.lt\/en\/#website\"},\"datePublished\":\"2025-04-04T10:55:00+00:00\",\"dateModified\":\"2025-05-14T13:17:25+00:00\",\"breadcrumb\":{\"@id\":\"https:\/\/ekspostendai.lt\/en\/cookie-policy\/#breadcrumb\"},\"inLanguage\":\"en-US\",\"potentialAction\":[{\"@type\":\"ReadAction\",\"target\":[\"https:\/\/ekspostendai.lt\/en\/cookie-policy\/\"]}]},{\"@type\":\"BreadcrumbList\",\"@id\":\"https:\/\/ekspostendai.lt\/en\/cookie-policy\/#breadcrumb\",\"itemListElement\":[{\"@type\":\"ListItem\",\"position\":1,\"name\":\"Home\",\"item\":\"https:\/\/ekspostendai.lt\/en\/\"},{\"@type\":\"ListItem\",\"position\":2,\"name\":\"Cookie Policy\"}]},{\"@type\":\"WebSite\",\"@id\":\"https:\/\/ekspostendai.lt\/en\/#website\",\"url\":\"https:\/\/ekspostendai.lt\/en\/\",\"name\":\"Ekspostendai\",\"description\":\"Parod\u0173 Stendai\",\"publisher\":{\"@id\":\"https:\/\/ekspostendai.lt\/en\/#organization\"},\"potentialAction\":[{\"@type\":\"SearchAction\",\"target\":{\"@type\":\"EntryPoint\",\"urlTemplate\":\"https:\/\/ekspostendai.lt\/en\/?s={search_term_string}\"},\"query-input\":{\"@type\":\"PropertyValueSpecification\",\"valueRequired\":true,\"valueName\":\"search_term_string\"}}],\"inLanguage\":\"en-US\"},{\"@type\":\"Organization\",\"@id\":\"https:\/\/ekspostendai.lt\/en\/#organization\",\"name\":\"Ekspostendai, MB\",\"url\":\"https:\/\/ekspostendai.lt\/en\/\",\"logo\":{\"@type\":\"ImageObject\",\"inLanguage\":\"en-US\",\"@id\":\"https:\/\/ekspostendai.lt\/en\/#\/schema\/logo\/image\/\",\"url\":\"https:\/\/ekspostendai.lt\/wp-content\/uploads\/2024\/12\/logo-inline-orange.svg\",\"contentUrl\":\"https:\/\/ekspostendai.lt\/wp-content\/uploads\/2024\/12\/logo-inline-orange.svg\",\"width\":787,\"height\":56,\"caption\":\"Ekspostendai, MB\"},\"image\":{\"@id\":\"https:\/\/ekspostendai.lt\/en\/#\/schema\/logo\/image\/\"}}]}<\/script>\n<!-- \/ Yoast SEO plugin. -->","yoast_head_json":{"title":"Cookie Policy - Stendai","robots":{"index":"index","follow":"follow","max-snippet":"max-snippet:-1","max-image-preview":"max-image-preview:large","max-video-preview":"max-video-preview:-1"},"canonical":"https:\/\/ekspostendai.lt\/en\/cookie-policy\/","og_locale":"en_US","og_type":"article","og_title":"Cookie Policy - Stendai","og_description":"M\u016bs\u0173 tinklapyje yra naudojami slapukai (angl. cookies), tod\u0117l paai\u0161kiname, kaip jie veikia bei kaip galite juos pa\u0161alinti. Slapukai \u2013 tai nedideli informacijos failai, kurie leid\u017eia interneto svetain\u0117ms i\u0161saugoti vartotojo naudojimosi interneto svetaine \u012fpro\u010dius. \u012eprastai slapuk\u0173 rinkmenos \u012fra\u0161omos \u012f vartotojo \u012frengin\u012f ir vartotojui sugr\u012f\u017eus \u012f interneto svetain\u0119, jam pritaikomas turinys pagal jo poreikius ir ankstesnius pasirinkimus. [&hellip;]","og_url":"https:\/\/ekspostendai.lt\/en\/cookie-policy\/","og_site_name":"Stendai","article_modified_time":"2025-05-14T13:17:25+00:00","twitter_card":"summary_large_image","twitter_misc":{"Est. reading time":"1 minute"},"schema":{"@context":"https:\/\/schema.org","@graph":[{"@type":"WebPage","@id":"https:\/\/ekspostendai.lt\/en\/cookie-policy\/","url":"https:\/\/ekspostendai.lt\/en\/cookie-policy\/","name":"Cookie Policy - Stendai","isPartOf":{"@id":"https:\/\/ekspostendai.lt\/en\/#website"},"datePublished":"2025-04-04T10:55:00+00:00","dateModified":"2025-05-14T13:17:25+00:00","breadcrumb":{"@id":"https:\/\/ekspostendai.lt\/en\/cookie-policy\/#breadcrumb"},"inLanguage":"en-US","potentialAction":[{"@type":"ReadAction","target":["https:\/\/ekspostendai.lt\/en\/cookie-policy\/"]}]},{"@type":"BreadcrumbList","@id":"https:\/\/ekspostendai.lt\/en\/cookie-policy\/#breadcrumb","itemListElement":[{"@type":"ListItem","position":1,"name":"Home","item":"https:\/\/ekspostendai.lt\/en\/"},{"@type":"ListItem","position":2,"name":"Cookie Policy"}]},{"@type":"WebSite","@id":"https:\/\/ekspostendai.lt\/en\/#website","url":"https:\/\/ekspostendai.lt\/en\/","name":"Ekspostendai","description":"Parod\u0173 Stendai","publisher":{"@id":"https:\/\/ekspostendai.lt\/en\/#organization"},"potentialAction":[{"@type":"SearchAction","target":{"@type":"EntryPoint","urlTemplate":"https:\/\/ekspostendai.lt\/en\/?s={search_term_string}"},"query-input":{"@type":"PropertyValueSpecification","valueRequired":true,"valueName":"search_term_string"}}],"inLanguage":"en-US"},{"@type":"Organization","@id":"https:\/\/ekspostendai.lt\/en\/#organization","name":"Ekspostendai, MB","url":"https:\/\/ekspostendai.lt\/en\/","logo":{"@type":"ImageObject","inLanguage":"en-US","@id":"https:\/\/ekspostendai.lt\/en\/#\/schema\/logo\/image\/","url":"https:\/\/ekspostendai.lt\/wp-content\/uploads\/2024\/12\/logo-inline-orange.svg","contentUrl":"https:\/\/ekspostendai.lt\/wp-content\/uploads\/2024\/12\/logo-inline-orange.svg","width":787,"height":56,"caption":"Ekspostendai, MB"},"image":{"@id":"https:\/\/ekspostendai.lt\/en\/#\/schema\/logo\/image\/"}}]}},"_links":{"self":[{"href":"https:\/\/ekspostendai.lt\/en\/wp-json\/wp\/v2\/pages\/1437","targetHints":{"allow":["GET"]}}],"collection":[{"href":"https:\/\/ekspostendai.lt\/en\/wp-json\/wp\/v2\/pages"}],"about":[{"href":"https:\/\/ekspostendai.lt\/en\/wp-json\/wp\/v2\/types\/page"}],"author":[{"embeddable":true,"href":"https:\/\/ekspostendai.lt\/en\/wp-json\/wp\/v2\/users\/1"}],"replies":[{"embeddable":true,"href":"https:\/\/ekspostendai.lt\/en\/wp-json\/wp\/v2\/comments?post=1437"}],"version-history":[{"count":1,"href":"https:\/\/ekspostendai.lt\/en\/wp-json\/wp\/v2\/pages\/1437\/revisions"}],"predecessor-version":[{"id":1438,"href":"https:\/\/ekspostendai.lt\/en\/wp-json\/wp\/v2\/pages\/1437\/revisions\/1438"}],"wp:attachment":[{"href":"https:\/\/ekspostendai.lt\/en\/wp-json\/wp\/v2\/media?parent=1437"}],"curies":[{"name":"wp","href":"https:\/\/api.w.org\/{rel}","templated":true}]}}