{"id":1427,"date":"2025-04-17T13:34:00","date_gmt":"2025-04-17T10:34:00","guid":{"rendered":"https:\/\/ekspostendai.lt\/testimonials\/"},"modified":"2025-05-14T16:12:36","modified_gmt":"2025-05-14T13:12:36","slug":"testimonials","status":"publish","type":"page","link":"https:\/\/ekspostendai.lt\/en\/testimonials\/","title":{"rendered":"Testimonials"},"content":{"rendered":"\t\t<div data-elementor-type=\"wp-page\" data-elementor-id=\"1427\" class=\"elementor elementor-1427 elementor-1327\" data-elementor-post-type=\"page\">\n\t\t\t\t<div class=\"elementor-element elementor-element-983d2c0 e-flex e-con-boxed e-con e-parent\" data-id=\"983d2c0\" data-element_type=\"container\">\n\t\t\t\t\t<div class=\"e-con-inner\">\n\t\t\t\t<div class=\"elementor-element elementor-element-bc594cc elementor-widget elementor-widget-button\" data-id=\"bc594cc\" data-element_type=\"widget\" data-widget_type=\"button.default\">\n\t\t\t\t\t\t\t\t\t\t<a class=\"elementor-button elementor-button-link elementor-size-sm\" href=\"https:\/\/ekspostendai.lt\/en\/leave-testimonial\/\">\n\t\t\t\t\t\t<span class=\"elementor-button-content-wrapper\">\n\t\t\t\t\t\t\t\t\t<span class=\"elementor-button-text\">Leave testimonial<\/span>\n\t\t\t\t\t<\/span>\n\t\t\t\t\t<\/a>\n\t\t\t\t\t\t\t\t<\/div>\n\t\t\t\t\t<\/div>\n\t\t\t\t<\/div>\n\t\t<div class=\"elementor-element elementor-element-563f1a4 e-flex e-con-boxed e-con e-parent\" data-id=\"563f1a4\" data-element_type=\"container\">\n\t\t\t\t\t<div class=\"e-con-inner\">\n\t\t<div class=\"elementor-element elementor-element-ca87031 e-con-full e-grid e-con e-child\" data-id=\"ca87031\" data-element_type=\"container\" data-settings=\"{&quot;background_background&quot;:&quot;classic&quot;}\">\n\t\t<div class=\"elementor-element elementor-element-29b67d6 e-con-full e-flex e-con e-child\" data-id=\"29b67d6\" data-element_type=\"container\" data-settings=\"{&quot;background_background&quot;:&quot;classic&quot;}\">\n\t\t<div class=\"elementor-element elementor-element-34665ba e-con-full e-flex e-con e-child\" data-id=\"34665ba\" data-element_type=\"container\">\n\t\t\t\t<div class=\"elementor-element elementor-element-8a1a952 elementor-widget__width-auto dce_masking-none elementor-widget elementor-widget-image\" data-id=\"8a1a952\" data-element_type=\"widget\" data-widget_type=\"image.default\">\n\t\t\t\t\t\t\t\t\t\t\t\t\t\t\t<img decoding=\"async\" width=\"300\" height=\"60\" src=\"https:\/\/ekspostendai.lt\/wp-content\/uploads\/2024\/12\/stars.svg\" class=\"attachment-medium size-medium wp-image-1135\" alt=\"\" \/>\t\t\t\t\t\t\t\t\t\t\t\t\t\t\t<\/div>\n\t\t\t\t<div class=\"elementor-element elementor-element-3caf8d0 elementor-widget elementor-widget-text-editor\" data-id=\"3caf8d0\" data-element_type=\"widget\" data-widget_type=\"text-editor.default\">\n\t\t\t\t\t\t\t\t\t<p>&#8220;Bendradarbiauti buvo vienas malonumas! Komanda i\u0161kart suprato m\u016bs\u0173 vizij\u0105 ir suk\u016br\u0117 stend\u0105, kuris patrauk\u0117 lankytoj\u0173 d\u0117mes\u012f. Viskas buvo atlikta laiku ir nepriekai\u0161tingai.&#8221;<\/p>\n\t\t\t\t\t\t\t\t<\/div>\n\t\t\t\t<div class=\"elementor-element elementor-element-e52c8ca elementor-widget elementor-widget-heading\" data-id=\"e52c8ca\" data-element_type=\"widget\" data-widget_type=\"heading.default\">\n\t\t\t\t\t<h6 class=\"elementor-heading-title elementor-size-default\">\"TechWorld exhibitor<\/h6>\t\t\t\t<\/div>\n\t\t\t\t<\/div>\n\t\t\t\t<\/div>\n\t\t<div class=\"elementor-element elementor-element-53adf91 e-con-full e-flex e-con e-child\" data-id=\"53adf91\" data-element_type=\"container\" data-settings=\"{&quot;background_background&quot;:&quot;classic&quot;}\">\n\t\t<div class=\"elementor-element elementor-element-7d45339 e-con-full e-flex e-con e-child\" data-id=\"7d45339\" data-element_type=\"container\">\n\t\t\t\t<div class=\"elementor-element elementor-element-61e7889 elementor-widget__width-auto dce_masking-none elementor-widget elementor-widget-image\" data-id=\"61e7889\" data-element_type=\"widget\" data-widget_type=\"image.default\">\n\t\t\t\t\t\t\t\t\t\t\t\t\t\t\t<img decoding=\"async\" width=\"300\" height=\"60\" src=\"https:\/\/ekspostendai.lt\/wp-content\/uploads\/2024\/12\/stars.svg\" class=\"attachment-medium size-medium wp-image-1135\" alt=\"\" \/>\t\t\t\t\t\t\t\t\t\t\t\t\t\t\t<\/div>\n\t\t\t\t<div class=\"elementor-element elementor-element-20949c7 elementor-widget elementor-widget-text-editor\" data-id=\"20949c7\" data-element_type=\"widget\" data-widget_type=\"text-editor.default\">\n\t\t\t\t\t\t\t\t\t<p>&#8220;Puikus lankstumas ir greita reakcija \u2013 net paskutin\u0117s minut\u0117s pakeitimai buvo \u012fgyvendinti be joki\u0173 sunkum\u0173. Parodoje m\u016bs\u0173 stendas i\u0161siskyr\u0117 k\u016brybi\u0161kumu ir kokybe, b\u016btent taip, kaip nor\u0117jome.&#8221;<\/p>\n\t\t\t\t\t\t\t\t<\/div>\n\t\t\t\t<div class=\"elementor-element elementor-element-73bb4e6 elementor-widget elementor-widget-heading\" data-id=\"73bb4e6\" data-element_type=\"widget\" data-widget_type=\"heading.default\">\n\t\t\t\t\t<h6 class=\"elementor-heading-title elementor-size-default\">Marketing Manager, cosmetics company<\/h6>\t\t\t\t<\/div>\n\t\t\t\t<\/div>\n\t\t\t\t<\/div>\n\t\t<div class=\"elementor-element elementor-element-26b4a4e e-con-full e-flex e-con e-child\" data-id=\"26b4a4e\" data-element_type=\"container\" data-settings=\"{&quot;background_background&quot;:&quot;classic&quot;}\">\n\t\t<div class=\"elementor-element elementor-element-a16771e e-con-full e-flex e-con e-child\" data-id=\"a16771e\" data-element_type=\"container\">\n\t\t\t\t<div class=\"elementor-element elementor-element-fc39a6f elementor-widget__width-auto dce_masking-none elementor-widget elementor-widget-image\" data-id=\"fc39a6f\" data-element_type=\"widget\" data-widget_type=\"image.default\">\n\t\t\t\t\t\t\t\t\t\t\t\t\t\t\t<img decoding=\"async\" width=\"300\" height=\"60\" src=\"https:\/\/ekspostendai.lt\/wp-content\/uploads\/2024\/12\/stars.svg\" class=\"attachment-medium size-medium wp-image-1135\" alt=\"\" \/>\t\t\t\t\t\t\t\t\t\t\t\t\t\t\t<\/div>\n\t\t\t\t<div class=\"elementor-element elementor-element-f5a06f5 elementor-widget elementor-widget-text-editor\" data-id=\"f5a06f5\" data-element_type=\"widget\" data-widget_type=\"text-editor.default\">\n\t\t\t\t\t\t\t\t\t<p>&#8220;Dirbome kartu jau ne vien\u0105 kart\u0105 ir kiekvien\u0105 kart\u0105 paslaug\u0173 kokyb\u0117 vir\u0161ijo m\u016bs\u0173 l\u016bkes\u010dius. Puikiai organizuotas procesas nuo id\u0117jos iki \u012frengimo \u2013 b\u016btent tai, ko reikia parod\u0173 maratono metu.&#8221;<\/p>\n\t\t\t\t\t\t\t\t<\/div>\n\t\t\t\t<div class=\"elementor-element elementor-element-d63fb3b elementor-widget elementor-widget-heading\" data-id=\"d63fb3b\" data-element_type=\"widget\" data-widget_type=\"heading.default\">\n\t\t\t\t\t<h6 class=\"elementor-heading-title elementor-size-default\">Project Manager, furniture manufacturing company<\/h6>\t\t\t\t<\/div>\n\t\t\t\t<\/div>\n\t\t\t\t<\/div>\n\t\t<div class=\"elementor-element elementor-element-1221566 e-con-full e-flex e-con e-child\" data-id=\"1221566\" data-element_type=\"container\" data-settings=\"{&quot;background_background&quot;:&quot;classic&quot;}\">\n\t\t<div class=\"elementor-element elementor-element-793dbd7 e-con-full e-flex e-con e-child\" data-id=\"793dbd7\" data-element_type=\"container\">\n\t\t\t\t<div class=\"elementor-element elementor-element-3654eab elementor-widget__width-auto dce_masking-none elementor-widget elementor-widget-image\" data-id=\"3654eab\" data-element_type=\"widget\" data-widget_type=\"image.default\">\n\t\t\t\t\t\t\t\t\t\t\t\t\t\t\t<img decoding=\"async\" width=\"300\" height=\"60\" src=\"https:\/\/ekspostendai.lt\/wp-content\/uploads\/2024\/12\/stars.svg\" class=\"attachment-medium size-medium wp-image-1135\" alt=\"\" \/>\t\t\t\t\t\t\t\t\t\t\t\t\t\t\t<\/div>\n\t\t\t\t<div class=\"elementor-element elementor-element-a8453dc elementor-widget elementor-widget-text-editor\" data-id=\"a8453dc\" data-element_type=\"widget\" data-widget_type=\"text-editor.default\">\n\t\t\t\t\t\t\t\t\t<p>&#8220;Komanda puikiai pasir\u016bpino viskuo, net parodos metu. M\u016bs\u0173 stendas buvo i\u0161skirtinis, o montavimo ir i\u0161montavimo darbai vyko taip skland\u017eiai, kad vis\u0105 laik\u0105 jaut\u0117m\u0117s u\u017etikrinti.&#8221;<\/p>\n\t\t\t\t\t\t\t\t<\/div>\n\t\t\t\t<div class=\"elementor-element elementor-element-695853e elementor-widget elementor-widget-heading\" data-id=\"695853e\" data-element_type=\"widget\" data-widget_type=\"heading.default\">\n\t\t\t\t\t<h6 class=\"elementor-heading-title elementor-size-default\">Marketing Specialist, fintech sector<\/h6>\t\t\t\t<\/div>\n\t\t\t\t<\/div>\n\t\t\t\t<\/div>\n\t\t<div class=\"elementor-element elementor-element-2123afc e-con-full e-flex e-con e-child\" data-id=\"2123afc\" data-element_type=\"container\" data-settings=\"{&quot;background_background&quot;:&quot;classic&quot;}\">\n\t\t<div class=\"elementor-element elementor-element-b6efc1f e-con-full e-flex e-con e-child\" data-id=\"b6efc1f\" data-element_type=\"container\">\n\t\t\t\t<div class=\"elementor-element elementor-element-e5ed58e elementor-widget__width-auto dce_masking-none elementor-widget elementor-widget-image\" data-id=\"e5ed58e\" data-element_type=\"widget\" data-widget_type=\"image.default\">\n\t\t\t\t\t\t\t\t\t\t\t\t\t\t\t<img decoding=\"async\" width=\"300\" height=\"60\" src=\"https:\/\/ekspostendai.lt\/wp-content\/uploads\/2024\/12\/stars.svg\" class=\"attachment-medium size-medium wp-image-1135\" alt=\"\" \/>\t\t\t\t\t\t\t\t\t\t\t\t\t\t\t<\/div>\n\t\t\t\t<div class=\"elementor-element elementor-element-deb5d71 elementor-widget elementor-widget-text-editor\" data-id=\"deb5d71\" data-element_type=\"widget\" data-widget_type=\"text-editor.default\">\n\t\t\t\t\t\t\t\t\t<p>&#8220;Parodos stendo sprendimai pranoko m\u016bs\u0173 l\u016bkes\u010dius. Vertiname ne tik kokyb\u0119, bet ir tai, kaip greitai ir prieinamai jie dirba. Bendradarbiavimas buvo tikrai vertingas.&#8221;<\/p>\n\t\t\t\t\t\t\t\t<\/div>\n\t\t\t\t<div class=\"elementor-element elementor-element-b5c8eb1 elementor-widget elementor-widget-heading\" data-id=\"b5c8eb1\" data-element_type=\"widget\" data-widget_type=\"heading.default\">\n\t\t\t\t\t<h6 class=\"elementor-heading-title elementor-size-default\">Export Manager, technology company<\/h6>\t\t\t\t<\/div>\n\t\t\t\t<\/div>\n\t\t\t\t<\/div>\n\t\t\t\t<\/div>\n\t\t\t\t\t<\/div>\n\t\t\t\t<\/div>\n\t\t\t\t<\/div>\n\t\t","protected":false},"excerpt":{"rendered":"<p>Leave testimonial &#8220;Bendradarbiauti buvo vienas malonumas! Komanda i\u0161kart suprato m\u016bs\u0173 vizij\u0105 ir suk\u016br\u0117 stend\u0105, kuris patrauk\u0117 lankytoj\u0173 d\u0117mes\u012f. Viskas buvo atlikta laiku ir nepriekai\u0161tingai.&#8221; &#8220;TechWorld exhibitor &#8220;Puikus lankstumas ir greita reakcija \u2013 net paskutin\u0117s minut\u0117s pakeitimai buvo \u012fgyvendinti be joki\u0173 sunkum\u0173. Parodoje m\u016bs\u0173 stendas i\u0161siskyr\u0117 k\u016brybi\u0161kumu ir kokybe, b\u016btent taip, kaip nor\u0117jome.&#8221; Marketing Manager, cosmetics [&hellip;]<\/p>\n","protected":false},"author":1,"featured_media":0,"parent":0,"menu_order":0,"comment_status":"closed","ping_status":"closed","template":"","meta":{"_acf_changed":false,"inline_featured_image":false,"footnotes":""},"class_list":["post-1427","page","type-page","status-publish","hentry"],"acf":[],"yoast_head":"<!-- This site is optimized with the Yoast SEO plugin v25.1 - https:\/\/yoast.com\/wordpress\/plugins\/seo\/ -->\n<title>Testimonials - Stendai<\/title>\n<meta name=\"robots\" content=\"index, follow, max-snippet:-1, max-image-preview:large, max-video-preview:-1\" \/>\n<link rel=\"canonical\" href=\"https:\/\/ekspostendai.lt\/en\/testimonials\/\" \/>\n<meta property=\"og:locale\" content=\"en_US\" \/>\n<meta property=\"og:type\" content=\"article\" \/>\n<meta property=\"og:title\" content=\"Testimonials - Stendai\" \/>\n<meta property=\"og:description\" content=\"Leave testimonial &#8220;Bendradarbiauti buvo vienas malonumas! Komanda i\u0161kart suprato m\u016bs\u0173 vizij\u0105 ir suk\u016br\u0117 stend\u0105, kuris patrauk\u0117 lankytoj\u0173 d\u0117mes\u012f. Viskas buvo atlikta laiku ir nepriekai\u0161tingai.&#8221; &#8220;TechWorld exhibitor &#8220;Puikus lankstumas ir greita reakcija \u2013 net paskutin\u0117s minut\u0117s pakeitimai buvo \u012fgyvendinti be joki\u0173 sunkum\u0173. Parodoje m\u016bs\u0173 stendas i\u0161siskyr\u0117 k\u016brybi\u0161kumu ir kokybe, b\u016btent taip, kaip nor\u0117jome.&#8221; Marketing Manager, cosmetics [&hellip;]\" \/>\n<meta property=\"og:url\" content=\"https:\/\/ekspostendai.lt\/en\/testimonials\/\" \/>\n<meta property=\"og:site_name\" content=\"Stendai\" \/>\n<meta property=\"article:modified_time\" content=\"2025-05-14T13:12:36+00:00\" \/>\n<meta name=\"twitter:card\" content=\"summary_large_image\" \/>\n<meta name=\"twitter:label1\" content=\"Est. reading time\" \/>\n\t<meta name=\"twitter:data1\" content=\"1 minute\" \/>\n<script type=\"application\/ld+json\" class=\"yoast-schema-graph\">{\"@context\":\"https:\/\/schema.org\",\"@graph\":[{\"@type\":\"WebPage\",\"@id\":\"https:\/\/ekspostendai.lt\/en\/testimonials\/\",\"url\":\"https:\/\/ekspostendai.lt\/en\/testimonials\/\",\"name\":\"Testimonials - Stendai\",\"isPartOf\":{\"@id\":\"https:\/\/ekspostendai.lt\/en\/#website\"},\"primaryImageOfPage\":{\"@id\":\"https:\/\/ekspostendai.lt\/en\/testimonials\/#primaryimage\"},\"image\":{\"@id\":\"https:\/\/ekspostendai.lt\/en\/testimonials\/#primaryimage\"},\"thumbnailUrl\":\"https:\/\/ekspostendai.lt\/wp-content\/uploads\/2024\/12\/stars.svg\",\"datePublished\":\"2025-04-17T10:34:00+00:00\",\"dateModified\":\"2025-05-14T13:12:36+00:00\",\"breadcrumb\":{\"@id\":\"https:\/\/ekspostendai.lt\/en\/testimonials\/#breadcrumb\"},\"inLanguage\":\"en-US\",\"potentialAction\":[{\"@type\":\"ReadAction\",\"target\":[\"https:\/\/ekspostendai.lt\/en\/testimonials\/\"]}]},{\"@type\":\"ImageObject\",\"inLanguage\":\"en-US\",\"@id\":\"https:\/\/ekspostendai.lt\/en\/testimonials\/#primaryimage\",\"url\":\"https:\/\/ekspostendai.lt\/wp-content\/uploads\/2024\/12\/stars.svg\",\"contentUrl\":\"https:\/\/ekspostendai.lt\/wp-content\/uploads\/2024\/12\/stars.svg\"},{\"@type\":\"BreadcrumbList\",\"@id\":\"https:\/\/ekspostendai.lt\/en\/testimonials\/#breadcrumb\",\"itemListElement\":[{\"@type\":\"ListItem\",\"position\":1,\"name\":\"Home\",\"item\":\"https:\/\/ekspostendai.lt\/en\/\"},{\"@type\":\"ListItem\",\"position\":2,\"name\":\"Testimonials\"}]},{\"@type\":\"WebSite\",\"@id\":\"https:\/\/ekspostendai.lt\/en\/#website\",\"url\":\"https:\/\/ekspostendai.lt\/en\/\",\"name\":\"Ekspostendai\",\"description\":\"Parod\u0173 Stendai\",\"publisher\":{\"@id\":\"https:\/\/ekspostendai.lt\/en\/#organization\"},\"potentialAction\":[{\"@type\":\"SearchAction\",\"target\":{\"@type\":\"EntryPoint\",\"urlTemplate\":\"https:\/\/ekspostendai.lt\/en\/?s={search_term_string}\"},\"query-input\":{\"@type\":\"PropertyValueSpecification\",\"valueRequired\":true,\"valueName\":\"search_term_string\"}}],\"inLanguage\":\"en-US\"},{\"@type\":\"Organization\",\"@id\":\"https:\/\/ekspostendai.lt\/en\/#organization\",\"name\":\"Ekspostendai, MB\",\"url\":\"https:\/\/ekspostendai.lt\/en\/\",\"logo\":{\"@type\":\"ImageObject\",\"inLanguage\":\"en-US\",\"@id\":\"https:\/\/ekspostendai.lt\/en\/#\/schema\/logo\/image\/\",\"url\":\"https:\/\/ekspostendai.lt\/wp-content\/uploads\/2024\/12\/logo-inline-orange.svg\",\"contentUrl\":\"https:\/\/ekspostendai.lt\/wp-content\/uploads\/2024\/12\/logo-inline-orange.svg\",\"width\":787,\"height\":56,\"caption\":\"Ekspostendai, MB\"},\"image\":{\"@id\":\"https:\/\/ekspostendai.lt\/en\/#\/schema\/logo\/image\/\"}}]}<\/script>\n<!-- \/ Yoast SEO plugin. -->","yoast_head_json":{"title":"Testimonials - Stendai","robots":{"index":"index","follow":"follow","max-snippet":"max-snippet:-1","max-image-preview":"max-image-preview:large","max-video-preview":"max-video-preview:-1"},"canonical":"https:\/\/ekspostendai.lt\/en\/testimonials\/","og_locale":"en_US","og_type":"article","og_title":"Testimonials - Stendai","og_description":"Leave testimonial &#8220;Bendradarbiauti buvo vienas malonumas! Komanda i\u0161kart suprato m\u016bs\u0173 vizij\u0105 ir suk\u016br\u0117 stend\u0105, kuris patrauk\u0117 lankytoj\u0173 d\u0117mes\u012f. Viskas buvo atlikta laiku ir nepriekai\u0161tingai.&#8221; &#8220;TechWorld exhibitor &#8220;Puikus lankstumas ir greita reakcija \u2013 net paskutin\u0117s minut\u0117s pakeitimai buvo \u012fgyvendinti be joki\u0173 sunkum\u0173. Parodoje m\u016bs\u0173 stendas i\u0161siskyr\u0117 k\u016brybi\u0161kumu ir kokybe, b\u016btent taip, kaip nor\u0117jome.&#8221; Marketing Manager, cosmetics [&hellip;]","og_url":"https:\/\/ekspostendai.lt\/en\/testimonials\/","og_site_name":"Stendai","article_modified_time":"2025-05-14T13:12:36+00:00","twitter_card":"summary_large_image","twitter_misc":{"Est. reading time":"1 minute"},"schema":{"@context":"https:\/\/schema.org","@graph":[{"@type":"WebPage","@id":"https:\/\/ekspostendai.lt\/en\/testimonials\/","url":"https:\/\/ekspostendai.lt\/en\/testimonials\/","name":"Testimonials - Stendai","isPartOf":{"@id":"https:\/\/ekspostendai.lt\/en\/#website"},"primaryImageOfPage":{"@id":"https:\/\/ekspostendai.lt\/en\/testimonials\/#primaryimage"},"image":{"@id":"https:\/\/ekspostendai.lt\/en\/testimonials\/#primaryimage"},"thumbnailUrl":"https:\/\/ekspostendai.lt\/wp-content\/uploads\/2024\/12\/stars.svg","datePublished":"2025-04-17T10:34:00+00:00","dateModified":"2025-05-14T13:12:36+00:00","breadcrumb":{"@id":"https:\/\/ekspostendai.lt\/en\/testimonials\/#breadcrumb"},"inLanguage":"en-US","potentialAction":[{"@type":"ReadAction","target":["https:\/\/ekspostendai.lt\/en\/testimonials\/"]}]},{"@type":"ImageObject","inLanguage":"en-US","@id":"https:\/\/ekspostendai.lt\/en\/testimonials\/#primaryimage","url":"https:\/\/ekspostendai.lt\/wp-content\/uploads\/2024\/12\/stars.svg","contentUrl":"https:\/\/ekspostendai.lt\/wp-content\/uploads\/2024\/12\/stars.svg"},{"@type":"BreadcrumbList","@id":"https:\/\/ekspostendai.lt\/en\/testimonials\/#breadcrumb","itemListElement":[{"@type":"ListItem","position":1,"name":"Home","item":"https:\/\/ekspostendai.lt\/en\/"},{"@type":"ListItem","position":2,"name":"Testimonials"}]},{"@type":"WebSite","@id":"https:\/\/ekspostendai.lt\/en\/#website","url":"https:\/\/ekspostendai.lt\/en\/","name":"Ekspostendai","description":"Parod\u0173 Stendai","publisher":{"@id":"https:\/\/ekspostendai.lt\/en\/#organization"},"potentialAction":[{"@type":"SearchAction","target":{"@type":"EntryPoint","urlTemplate":"https:\/\/ekspostendai.lt\/en\/?s={search_term_string}"},"query-input":{"@type":"PropertyValueSpecification","valueRequired":true,"valueName":"search_term_string"}}],"inLanguage":"en-US"},{"@type":"Organization","@id":"https:\/\/ekspostendai.lt\/en\/#organization","name":"Ekspostendai, MB","url":"https:\/\/ekspostendai.lt\/en\/","logo":{"@type":"ImageObject","inLanguage":"en-US","@id":"https:\/\/ekspostendai.lt\/en\/#\/schema\/logo\/image\/","url":"https:\/\/ekspostendai.lt\/wp-content\/uploads\/2024\/12\/logo-inline-orange.svg","contentUrl":"https:\/\/ekspostendai.lt\/wp-content\/uploads\/2024\/12\/logo-inline-orange.svg","width":787,"height":56,"caption":"Ekspostendai, MB"},"image":{"@id":"https:\/\/ekspostendai.lt\/en\/#\/schema\/logo\/image\/"}}]}},"_links":{"self":[{"href":"https:\/\/ekspostendai.lt\/en\/wp-json\/wp\/v2\/pages\/1427","targetHints":{"allow":["GET"]}}],"collection":[{"href":"https:\/\/ekspostendai.lt\/en\/wp-json\/wp\/v2\/pages"}],"about":[{"href":"https:\/\/ekspostendai.lt\/en\/wp-json\/wp\/v2\/types\/page"}],"author":[{"embeddable":true,"href":"https:\/\/ekspostendai.lt\/en\/wp-json\/wp\/v2\/users\/1"}],"replies":[{"embeddable":true,"href":"https:\/\/ekspostendai.lt\/en\/wp-json\/wp\/v2\/comments?post=1427"}],"version-history":[{"count":2,"href":"https:\/\/ekspostendai.lt\/en\/wp-json\/wp\/v2\/pages\/1427\/revisions"}],"predecessor-version":[{"id":1433,"href":"https:\/\/ekspostendai.lt\/en\/wp-json\/wp\/v2\/pages\/1427\/revisions\/1433"}],"wp:attachment":[{"href":"https:\/\/ekspostendai.lt\/en\/wp-json\/wp\/v2\/media?parent=1427"}],"curies":[{"name":"wp","href":"https:\/\/api.w.org\/{rel}","templated":true}]}}